{"id":667,"date":"2025-03-24T13:30:36","date_gmt":"2025-03-24T13:30:36","guid":{"rendered":"https:\/\/odmfiduciaire.ch\/?page_id=667"},"modified":"2025-03-24T13:44:28","modified_gmt":"2025-03-24T13:44:28","slug":"liens-utiles","status":"publish","type":"page","link":"https:\/\/odmfiduciaire.ch\/ru\/liens-utiles\/","title":{"rendered":"\u041f\u043e\u043b\u0435\u0437\u043d\u044b\u0435 \u0441\u0441\u044b\u043b\u043a\u0438"},"content":{"rendered":"<div data-elementor-type=\"wp-page\" data-elementor-id=\"667\" class=\"elementor elementor-667\" data-elementor-post-type=\"page\">\n\t\t\t\t<div class=\"elementor-element elementor-element-15916f3 e-flex e-con-boxed e-con e-parent\" data-id=\"15916f3\" data-element_type=\"container\" data-settings=\"{&quot;background_background&quot;:&quot;gradient&quot;}\">\n\t\t\t\t\t<div class=\"e-con-inner\">\n\t\t<div class=\"elementor-element elementor-element-cc30789 e-flex e-con-boxed e-con e-child\" data-id=\"cc30789\" data-element_type=\"container\">\n\t\t\t\t\t<div class=\"e-con-inner\">\n\t\t\t\t<div class=\"elementor-element elementor-element-78999b4 elementor-widget elementor-widget-heading\" data-id=\"78999b4\" data-element_type=\"widget\" data-widget_type=\"heading.default\">\n\t\t\t\t<div class=\"elementor-widget-container\">\n\t\t\t\t\t<h1 class=\"elementor-heading-title elementor-size-default\">\u041f\u043e\u043b\u0435\u0437\u043d\u044b\u0435 \u0441\u0441\u044b\u043b\u043a\u0438<\/h1>\t\t\t\t<\/div>\n\t\t\t\t<\/div>\n\t\t\t\t\t<\/div>\n\t\t\t\t<\/div>\n\t\t\t\t\t<\/div>\n\t\t\t\t<\/div>\n\t\t<div class=\"elementor-element elementor-element-95c775c e-flex e-con-boxed e-con e-parent\" data-id=\"95c775c\" data-element_type=\"container\">\n\t\t\t\t\t<div class=\"e-con-inner\">\n\t\t\t\t<div class=\"elementor-element elementor-element-94bdb01 elementor-widget elementor-widget-text-editor\" data-id=\"94bdb01\" data-element_type=\"widget\" data-widget_type=\"text-editor.default\">\n\t\t\t\t<div class=\"elementor-widget-container\">\n\t\t\t\t\t\t\t\t\t<h3>Autorit\u00e9s Administratives F\u00e9d\u00e9rales<\/h3><ul><li><a href=\"https:\/\/www.admin.ch\/gov\/fr\/accueil.html\" target=\"_blank\" rel=\"noopener\">Conf\u00e9d\u00e9ration Suisse (admin.ch)<\/a> : Le portail officiel des autorit\u00e9s f\u00e9d\u00e9rales suisses. Vous y trouverez des informations sur la l\u00e9gislation, les institutions, les actualit\u00e9s, etc.<\/li><li><a href=\"https:\/\/www.efd.admin.ch\/efd\/fr\/home.html\" target=\"_blank\" rel=\"noopener\">D\u00e9partement F\u00e9d\u00e9ral des Finances (DFF)<\/a> : Le DFF est responsable de la politique financi\u00e8re et fiscale de la Suisse.<\/li><li><a href=\"https:\/\/www.eda.admin.ch\/eda\/fr\/dfae.html\" target=\"_blank\" rel=\"noopener\">D\u00e9partement F\u00e9d\u00e9ral des Affaires \u00c9trang\u00e8res (DFAE)<\/a> : Le DFAE s&rsquo;occupe des relations de la Suisse avec l&rsquo;\u00e9tranger. Utile pour les entreprises ayant des activit\u00e9s internationales.<\/li><li><a href=\"https:\/\/www.estv.admin.ch\/estv\/fr\/home.html\" target=\"_blank\" rel=\"noopener\">Administration F\u00e9d\u00e9rale des Contributions (AFC)<\/a> : L&rsquo;AFC est l&rsquo;autorit\u00e9 fiscale f\u00e9d\u00e9rale. Vous y trouverez toutes les informations sur la TVA, l&rsquo;imp\u00f4t f\u00e9d\u00e9ral direct, l&rsquo;imp\u00f4t anticip\u00e9, etc.<\/li><li><a href=\"https:\/\/www.seco.admin.ch\/seco\/fr\/home.html\" target=\"_blank\" rel=\"noopener\">Secr\u00e9tariat d&rsquo;\u00c9tat \u00e0 l&rsquo;\u00e9conomie (SECO)<\/a> : Le centre de comp\u00e9tence de la Conf\u00e9d\u00e9ration pour les principales questions de politique \u00e9conomique.<\/li><li><a href=\"https:\/\/www.kmu.admin.ch\/kmu\/fr\/home.html\" target=\"_blank\" rel=\"noopener\"> \u043f\u043e\u0440\u0442\u0430\u043b \u0434\u043b\u044f \u043c\u0430\u043b\u043e\u0433\u043e \u0438 \u0441\u0440\u0435\u0434\u043d\u0435\u0433\u043e \u0431\u0438\u0437\u043d\u0435\u0441\u0430 <\/a>: Le portail PME du SECO, informations pour les petites et moyennes entreprises.<\/li><\/ul><h3>Autorit\u00e9s Cantonales (Valais, Vaud, Gen\u00e8ve, Fribourg, Neuch\u00e2tel, Jura, Berne)<\/h3><ul><li><a href=\"https:\/\/www.vs.ch\/\" target=\"_blank\" rel=\"noopener\">Canton du Valais<\/a> : Site officiel du canton du Valais.<\/li><li><a href=\"https:\/\/www.vd.ch\/\" target=\"_blank\" rel=\"noopener\">Canton de Vaud<\/a> : Site officiel du canton de Vaud.<\/li><li><a href=\"https:\/\/www.ge.ch\/\" target=\"_blank\" rel=\"noopener\">R\u00e9publique et Canton de Gen\u00e8ve<\/a> : Site officiel du canton de Gen\u00e8ve.<\/li><li><a href=\"https:\/\/www.fr.ch\/\" target=\"_blank\" rel=\"noopener\">Canton de Fribourg<\/a> : Site officiel du canton de Fribourg.<\/li><li><a href=\"https:\/\/www.ne.ch\/\" target=\"_blank\" rel=\"noopener\">R\u00e9publique et Canton de Neuch\u00e2tel<\/a> : Site officiel du canton de Neuch\u00e2tel.<\/li><li><a href=\"https:\/\/www.jura.ch\/\" target=\"_blank\" rel=\"noopener\">R\u00e9publique et Canton du Jura<\/a> : Site officiel du canton du Jura<\/li><li><a href=\"https:\/\/www.be.ch\/\" target=\"_blank\" rel=\"noopener\">Canton de Berne<\/a> : Site officiel du canton de Berne.<\/li><\/ul><h3>Autorit\u00e9s Fiscales Cantonales<\/h3><ul><li><a href=\"https:\/\/www.vs.ch\/web\/scc\" target=\"_blank\" rel=\"noopener\">Service cantonal des contributions (Valais)<\/a><\/li><li><a href=\"https:\/\/www.vd.ch\/themes\/etat-droit-finances\/impots\" target=\"_blank\" rel=\"noopener\">Imp\u00f4ts (Vaud)<\/a><\/li><li><a href=\"https:\/\/www.ge.ch\/organisation\/direction-generale-fiscalite\" target=\"_blank\" rel=\"noopener\">Direction g\u00e9n\u00e9rale de la fiscalit\u00e9 (Gen\u00e8ve)<\/a><\/li><li><a href=\"https:\/\/www.fr.ch\/institutions-et-droits-politiques\/service-cantonal-des-contributions\" target=\"_blank\" rel=\"noopener\">Service cantonal des contributions (Fribourg)<\/a><\/li><li><a href=\"https:\/\/www.ne.ch\/autorites\/FINANCES\/SCF\/Pages\/accueil.aspx\" target=\"_blank\" rel=\"noopener\">Service cantonal des contributions (Neuch\u00e2tel)<\/a><\/li><li><a href=\"https:\/\/www.jura.ch\/DFI\/Contributions.html\" target=\"_blank\" rel=\"noopener\">Contributions (Jura)<\/a><\/li><li><a href=\"https:\/\/www.sv.fin.be.ch\/fr\/start.html\" target=\"_blank\" rel=\"noopener\">Intendance des imp\u00f4ts du canton de Berne<\/a><\/li><\/ul><h3>Organisations Professionnelles<\/h3><ul><li><a href=\"https:\/\/www.fiduciairesuisse.ch\/\" target=\"_blank\" rel=\"noopener\">FIDUCIAIRE|SUISSE<\/a> : Association fa\u00eeti\u00e8re des fiduciaires suisses.<\/li><li><a href=\"https:\/\/www.expertsuisse.ch\/\" target=\"_blank\" rel=\"noopener\">EXPERTsuisse<\/a> : Association suisse des experts en audit, fiscalit\u00e9 et fiduciaire.<\/li><li><a href=\"https:\/\/www.veb.ch\/\" target=\"_blank\" rel=\"noopener\">VEB.CH<\/a>: Organisation fa\u00eeti\u00e8re des experts comptables, fiscaux et fiduciaires dipl\u00f4m\u00e9s<\/li><\/ul><h3>Autres Organismes Utiles (\u00c9conomie, D\u00e9veloppement)<\/h3><h4>D\u00e9veloppement \u00e9conomique et soutien aux entreprises<\/h4><ul><li><a href=\"https:\/\/www.promove.ch\/\" target=\"_blank\" rel=\"noopener\">Promotion \u00e9conomique du Canton du Valais<\/a><\/li><li><a href=\"https:\/\/www.dev.ch\/\" target=\"_blank\" rel=\"noopener\">D\u00e9veloppement \u00c9conomique Vaud (DEV)<\/a><\/li><li><a href=\"https:\/\/www.fongit.ch\/\" target=\"_blank\" rel=\"noopener\">Fondation Genevoise pour l&rsquo;Innovation Technologique (FONGIT)<\/a> : Soutien aux startups technologiques \u00e0 Gen\u00e8ve.<\/li><li><a href=\"https:\/\/www.platinn.ch\/\" target=\"_blank\" rel=\"noopener\">Platinn<\/a>: Coaching pour l&rsquo;innovation des PME en Suisse Romande.<\/li><li><a href=\"https:\/\/innovaud.ch\/\" target=\"_blank\" rel=\"noopener\">Innovaud<\/a> : Soutien \u00e0 l&rsquo;innovation dans le canton de Vaud.<\/li><\/ul><h4>Chambres de commerce et associations \u00e9conomiques<\/h4><ul><li><a href=\"https:\/\/www.cvci.ch\/\" target=\"_blank\" rel=\"noopener\">Chambre Vaudoise du Commerce et de l\u2019Industrie (CVCI)<\/a><\/li><li><a href=\"https:\/\/ccig.ch\/\" target=\"_blank\" rel=\"noopener\">Chambre de Commerce, d&rsquo;Industrie et des Services de Gen\u00e8ve (CCIG)<\/a><\/li><li><a href=\"https:\/\/www.ccif.ch\/\" target=\"_blank\" rel=\"noopener\">Chambre de Commerce et d&rsquo;Industrie Fribourg (CCIF)<\/a><\/li><li><a href=\"https:\/\/www.ccine.ch\/\" target=\"_blank\" rel=\"noopener\">Chambre neuch\u00e2teloise du commerce et de l&rsquo;industrie (CNCI)<\/a><\/li><li><a href=\"https:\/\/www.cci.ch\/\" target=\"_blank\" rel=\"noopener\"> Chambre de commerce et d&rsquo;industrie du Jura (CCIJ)<\/a><\/li><li><a href=\"https:\/\/www.ccib.ch\/\" target=\"_blank\" rel=\"noopener\">Chambre de Commerce et d&rsquo;Industrie du Jura Bernois (CCIB)<\/a><\/li><li><a href=\"https:\/\/www.ccfb.ch\/\" target=\"_blank\" rel=\"noopener\"> Chambre de Commerce et d&rsquo;Industrie du canton de Berne (CCFB)<\/a><\/li><\/ul><h3>Autres ressources utiles<\/h3><ul><li><a href=\"https:\/\/www.ch.ch\/\" target=\"_blank\" rel=\"noopener\">ch.ch<\/a> : portail suisse des services en ligne.<\/li><li><a href=\"https:\/\/www.easygov.swiss\/easygov\/#\/fr\" target=\"_blank\" rel=\"noopener\">EasyGov.swiss<\/a> : Le portail en ligne pour les entreprises en Suisse.<\/li><\/ul>\t\t\t\t\t\t\t\t<\/div>\n\t\t\t\t<\/div>\n\t\t\t\t\t<\/div>\n\t\t\t\t<\/div>\n\t\t\t\t<\/div>","protected":false},"excerpt":{"rendered":"<p>Liens Utiles Autorit\u00e9s Administratives F\u00e9d\u00e9rales Conf\u00e9d\u00e9ration Suisse (admin.ch) : Le portail officiel des autorit\u00e9s f\u00e9d\u00e9rales suisses. Vous y trouverez des informations sur la l\u00e9gislation, les institutions, les actualit\u00e9s, etc. D\u00e9partement F\u00e9d\u00e9ral des Finances (DFF) : Le DFF est responsable de la politique financi\u00e8re et fiscale de la Suisse. D\u00e9partement F\u00e9d\u00e9ral des Affaires \u00c9trang\u00e8res (DFAE) : [&hellip;]<\/p>","protected":false},"author":1,"featured_media":0,"parent":0,"menu_order":0,"comment_status":"closed","ping_status":"closed","template":"","meta":{"footnotes":""},"class_list":["post-667","page","type-page","status-publish","hentry"],"rankMath":{"parentDomain":"odmfiduciaire.ch","noFollowDomains":[],"noFollowExcludeDomains":[],"noFollowExternalLinks":false,"featuredImageNotice":"\u041f\u043e\u043a\u0430\u0437\u0430\u043d\u043d\u043e\u0435 \u0438\u0437\u043e\u0431\u0440\u0430\u0436\u0435\u043d\u0438\u0435 \u0434\u043e\u043b\u0436\u043d\u043e \u0431\u044b\u0442\u044c \u0440\u0430\u0437\u043c\u0435\u0440\u043e\u043c \u043d\u0435 \u043c\u0435\u043d\u0435\u0435 200 \u043d\u0430 200 \u043f\u0438\u043a\u0441\u0435\u043b\u0435\u0439, \u0447\u0442\u043e\u0431\u044b \u0435\u0433\u043e \u043c\u043e\u0433\u043b\u0438 \u0443\u0432\u0438\u0434\u0435\u0442\u044c Facebook \u0438 \u0434\u0440\u0443\u0433\u0438\u0435 \u0441\u0430\u0439\u0442\u044b \u0441\u043e\u0446\u0438\u0430\u043b\u044c\u043d\u044b\u0445 \u0441\u0435\u0442\u0435\u0439.","pluginReviewed":true,"postSettings":{"linkSuggestions":true,"useFocusKeyword":false},"frontEndScore":false,"postName":"liens-utiles","permalinkFormat":"https:\/\/odmfiduciaire.ch\/ru\/%pagename%\/","showLockModifiedDate":true,"assessor":{"focusKeywordLink":"https:\/\/odmfiduciaire.ch\/wp-admin\/edit.php?focus_keyword=%focus_keyword%&post_type=%post_type%","hasTOCPlugin":true,"primaryTaxonomy":false,"serpData":{"title":"","description":"","focusKeywords":"","pillarContent":false,"canonicalUrl":"","breadcrumbTitle":"","advancedRobots":{"max-snippet":"-1","max-video-preview":"-1","max-image-preview":"large"},"facebookTitle":"","facebookDescription":"","facebookImage":"","facebookImageID":"","facebookHasOverlay":false,"facebookImageOverlay":"","facebookAuthor":"","twitterCardType":"","twitterUseFacebook":true,"twitterTitle":"","twitterDescription":"","twitterImage":"","twitterImageID":"","twitterHasOverlay":false,"twitterImageOverlay":"","twitterPlayerUrl":"","twitterPlayerSize":"","twitterPlayerStream":"","twitterPlayerStreamCtype":"","twitterAppDescription":"","twitterAppIphoneName":"","twitterAppIphoneID":"","twitterAppIphoneUrl":"","twitterAppIpadName":"","twitterAppIpadID":"","twitterAppIpadUrl":"","twitterAppGoogleplayName":"","twitterAppGoogleplayID":"","twitterAppGoogleplayUrl":"","twitterAppCountry":"","robots":{"index":true},"twitterAuthor":"\u0438\u043c\u044f \u043f\u043e\u043b\u044c\u0437\u043e\u0432\u0430\u0442\u0435\u043b\u044f","primaryTerm":0,"authorName":"Frolov","titleTemplate":"%title% %sep% %sitename%","descriptionTemplate":"%excerpt%","showScoreFrontend":true,"lockModifiedDate":false},"powerWords":[],"diacritics":{"A":"[\\u0410\\u0430]","B":"[\\u0411\\u0431]","V":"[\\u0412\\u0432]","G":"[\\u0413\\u0433]","D":"[\\u0414\\u0434]","YE":"[\\u0415\\u0435]","YO":"[\\u0401\\u0451]","ZH":"[\\u0416\\u0436]","Z":"[\\u0417\\u0437]","EE":"[\\u0418\\u0438]","YI":"[\\u0419\\u0439]","K":"[\\u041A\\u043A]","L":"[\\u041B\\u043B]","M":"[\\u041C\\u043c]","P":"[\\u041F\\u043F]","T":"[\\u0422\\u0442]","U":"[\\u0423\\u0443]","F":"[\\u0424\\u0444]","H":"[\\u0425\\u0445]","TS":"[\\u0426\\u0446]","CH":"[\\u0427\\u0447]","SH":"[\\u0428\\u0448\\u0429\\u0449]","I":"[\\u042B\\u044B]","E":"[\\u042D\\u044D]","YU":"[\\u042E\\u044E]","YA":"[\\u042F\\u044F]","N":"[\\u041D\\u043D]"},"researchesTests":["contentHasTOC","contentHasShortParagraphs","contentHasAssets","keywordInTitle","keywordInMetaDescription","keywordInPermalink","keywordIn10Percent","keywordInContent","keywordInSubheadings","keywordInImageAlt","keywordDensity","keywordNotUsed","lengthContent","lengthPermalink","linksHasInternal","linksHasExternals","linksNotAllExternals","titleStartWithKeyword","titleSentiment","titleHasPowerWords","titleHasNumber","hasContentAI"],"hasRedirection":true,"hasBreadcrumb":true},"homeUrl":"https:\/\/odmfiduciaire.ch\/ru","objectID":667,"objectType":"post","locale":"ru","localeFull":"ru_RU","overlayImages":{"play":{"name":"Play \u0438\u043a\u043e\u043d\u043a\u0430","url":"https:\/\/odmfiduciaire.ch\/wp-content\/plugins\/seo-by-rank-math\/assets\/admin\/img\/icon-play.png","path":"\/home\/u738773271\/domains\/odmfiduciaire.ch\/public_html\/wp-content\/plugins\/seo-by-rank-math\/assets\/admin\/img\/icon-play.png","position":"middle_center"},"gif":{"name":"GIF \u0438\u043a\u043e\u043d\u043a\u0430","url":"https:\/\/odmfiduciaire.ch\/wp-content\/plugins\/seo-by-rank-math\/assets\/admin\/img\/icon-gif.png","path":"\/home\/u738773271\/domains\/odmfiduciaire.ch\/public_html\/wp-content\/plugins\/seo-by-rank-math\/assets\/admin\/img\/icon-gif.png","position":"middle_center"}},"defautOgImage":"https:\/\/odmfiduciaire.ch\/wp-content\/plugins\/seo-by-rank-math\/assets\/admin\/img\/social-placeholder.jpg","customPermalinks":true,"isUserRegistered":true,"autoSuggestKeywords":true,"connectSiteUrl":"https:\/\/rankmath.com\/auth?site=https%3A%2F%2Fodmfiduciaire.ch%2Fru&r=https%3A%2F%2Fodmfiduciaire.ch%2Fru%2Fwp-json%2Fwp%2Fv2%2Fpages%2F667%3Fnonce%3D71bcbb4cb1&pro=1","maxTags":100,"trendsIcon":"<svg viewBox=\"0 0 610 610\"><path d=\"M18.85,446,174.32,290.48l58.08,58.08L76.93,504a14.54,14.54,0,0,1-20.55,0L18.83,466.48a14.54,14.54,0,0,1,0-20.55Z\" style=\"fill:#4285f4\"\/><path d=\"M242.65,242.66,377.59,377.6l-47.75,47.75a14.54,14.54,0,0,1-20.55,0L174.37,290.43l47.75-47.75A14.52,14.52,0,0,1,242.65,242.66Z\" style=\"fill:#ea4335\"\/><polygon points=\"319.53 319.53 479.26 159.8 537.34 217.88 377.61 377.62 319.53 319.53\" style=\"fill:#fabb05\"\/><path d=\"M594.26,262.73V118.61h0a16.94,16.94,0,0,0-16.94-16.94H433.2a16.94,16.94,0,0,0-12,28.92L565.34,274.71h0a16.94,16.94,0,0,0,28.92-12Z\" style=\"fill:#34a853\"\/><rect width=\"610\" height=\"610\" style=\"fill:none\"\/><\/svg>","showScore":true,"siteFavIcon":"https:\/\/odmfiduciaire.ch\/wp-content\/uploads\/2025\/03\/cropped-9_52AM.png-32x32.jpeg","canUser":{"general":false,"advanced":false,"snippet":false,"social":false,"analysis":false,"analytics":false,"content_ai":false},"showKeywordIntent":true,"isPro":true,"is_front_page":false,"trendsUpgradeLink":"https:\/\/rankmath.com\/pricing\/?utm_source=Plugin&utm_medium=CE%20General%20Tab%20Trends&utm_campaign=WP","trendsUpgradeLabel":"\u0410\u043f\u0433\u0440\u0435\u0439\u0434","trendsPreviewImage":"https:\/\/odmfiduciaire.ch\/wp-content\/plugins\/seo-by-rank-math\/assets\/admin\/img\/trends-preview.jpg","currentEditor":false,"homepageData":{"assessor":{"powerWords":[],"diacritics":true,"researchesTests":["contentHasTOC","contentHasShortParagraphs","contentHasAssets","keywordInTitle","keywordInMetaDescription","keywordInPermalink","keywordIn10Percent","keywordInContent","keywordInSubheadings","keywordInImageAlt","keywordDensity","keywordNotUsed","lengthContent","lengthPermalink","linksHasInternal","linksHasExternals","linksNotAllExternals","titleStartWithKeyword","titleSentiment","titleHasPowerWords","titleHasNumber","hasContentAI"],"hasBreadcrumb":true,"serpData":{"title":"%sitename% %page% %sep% %sitedesc%","description":"","titleTemplate":"%sitename% %page% %sep% %sitedesc%","descriptionTemplate":"","focusKeywords":"","breadcrumbTitle":"\u0413\u043b\u0430\u0432\u043d\u0430\u044f","robots":{"index":true},"advancedRobots":{"max-snippet":"-1","max-video-preview":"-1","max-image-preview":"large"},"facebookTitle":"","facebookDescription":"","facebookImage":"","facebookImageID":""}}},"searchIntents":[],"isAnalyticsConnected":false,"tocTitle":"\u041e\u0433\u043b\u0430\u0432\u043b\u0435\u043d\u0438\u0435","tocExcludeHeadings":[],"listStyle":"ul"},"_links":{"self":[{"href":"https:\/\/odmfiduciaire.ch\/ru\/wp-json\/wp\/v2\/pages\/667","targetHints":{"allow":["GET"]}}],"collection":[{"href":"https:\/\/odmfiduciaire.ch\/ru\/wp-json\/wp\/v2\/pages"}],"about":[{"href":"https:\/\/odmfiduciaire.ch\/ru\/wp-json\/wp\/v2\/types\/page"}],"author":[{"embeddable":true,"href":"https:\/\/odmfiduciaire.ch\/ru\/wp-json\/wp\/v2\/users\/1"}],"replies":[{"embeddable":true,"href":"https:\/\/odmfiduciaire.ch\/ru\/wp-json\/wp\/v2\/comments?post=667"}],"version-history":[{"count":13,"href":"https:\/\/odmfiduciaire.ch\/ru\/wp-json\/wp\/v2\/pages\/667\/revisions"}],"predecessor-version":[{"id":692,"href":"https:\/\/odmfiduciaire.ch\/ru\/wp-json\/wp\/v2\/pages\/667\/revisions\/692"}],"wp:attachment":[{"href":"https:\/\/odmfiduciaire.ch\/ru\/wp-json\/wp\/v2\/media?parent=667"}],"curies":[{"name":"wp","href":"https:\/\/api.w.org\/{rel}","templated":true}]}}