{"id":1258,"date":"2025-08-06T10:32:20","date_gmt":"2025-08-06T10:32:20","guid":{"rendered":"https:\/\/odmfiduciaire.ch\/?page_id=1258"},"modified":"2025-08-15T03:31:25","modified_gmt":"2025-08-15T03:31:25","slug":"fiscalite-crypto","status":"publish","type":"page","link":"https:\/\/odmfiduciaire.ch\/ru\/fiscalite-crypto\/","title":{"rendered":"\u0423\u0447\u0435\u0442 \u0438 \u043d\u0430\u043b\u043e\u0433\u043e\u043e\u0431\u043b\u043e\u0436\u0435\u043d\u0438\u0435 \u043a\u0440\u0438\u043f\u0442\u043e\u0432\u0430\u043b\u044e\u0442"},"content":{"rendered":"<div data-elementor-type=\"wp-page\" data-elementor-id=\"1258\" class=\"elementor elementor-1258\" data-elementor-post-type=\"page\">\n\t\t\t\t<div class=\"elementor-element elementor-element-0fdc095 e-flex e-con-boxed e-con e-parent\" data-id=\"0fdc095\" data-element_type=\"container\" data-settings=\"{&quot;background_background&quot;:&quot;gradient&quot;}\">\n\t\t\t\t\t<div class=\"e-con-inner\">\n\t\t\t\t<div class=\"elementor-element elementor-element-1f9e04f animated-slow elementor-invisible elementor-widget elementor-widget-heading\" data-id=\"1f9e04f\" data-element_type=\"widget\" data-settings=\"{&quot;_animation&quot;:&quot;fadeIn&quot;,&quot;_animation_delay&quot;:500}\" data-widget_type=\"heading.default\">\n\t\t\t\t<div class=\"elementor-widget-container\">\n\t\t\t\t\t<h1 class=\"elementor-heading-title elementor-size-default\">\u0423\u0447\u0435\u0442 \u0438 \u043d\u0430\u043b\u043e\u0433\u043e\u043e\u0431\u043b\u043e\u0436\u0435\u043d\u0438\u0435 \u043a\u0440\u0438\u043f\u0442\u043e\u0432\u0430\u043b\u044e\u0442 \u0432 \u0428\u0432\u0435\u0439\u0446\u0430\u0440\u0438\u0438<\/h1>\t\t\t\t<\/div>\n\t\t\t\t<\/div>\n\t\t\t\t\t<\/div>\n\t\t\t\t<\/div>\n\t\t<div class=\"elementor-element elementor-element-df437fc e-flex e-con-boxed e-con e-parent\" data-id=\"df437fc\" data-element_type=\"container\">\n\t\t\t\t\t<div class=\"e-con-inner\">\n\t\t\t\t<div class=\"elementor-element elementor-element-3662a19 elementor-widget elementor-widget-text-editor\" data-id=\"3662a19\" data-element_type=\"widget\" data-widget_type=\"text-editor.default\">\n\t\t\t\t<div class=\"elementor-widget-container\">\n\t\t\t\t\t\t\t\t\t<div style=\"font-family: -apple-system, BlinkMacSystemFont, 'Segoe UI', Roboto, Helvetica, Arial, sans-serif; max-width: 800px; margin-left: auto; margin-right: auto;\"><h2 style=\"font-family: -apple-system, BlinkMacSystemFont, 'Segoe UI', Roboto, Helvetica, Arial, sans-serif; font-size: 28px; color: #1e3a56; font-weight: 500; margin-top: 20px; margin-bottom: 20px; border-bottom: 1px solid #E0E0E0; padding-bottom: 15px; text-align: center;\">\u041f\u0435\u0440\u0435\u0434\u043e\u0432\u043e\u0439 \u043e\u043f\u044b\u0442 \u0432 \u0443\u043f\u0440\u0430\u0432\u043b\u0435\u043d\u0438\u0438 \u0432\u0430\u0448\u0438\u043c\u0438 \u0446\u0438\u0444\u0440\u043e\u0432\u044b\u043c\u0438 \u0430\u043a\u0442\u0438\u0432\u0430\u043c\u0438.<\/h2><p style=\"font-family: -apple-system, BlinkMacSystemFont, 'Segoe UI', Roboto, Helvetica, Arial, sans-serif; font-size: 17px; color: #555; line-height: 1.8em; margin-bottom: 60px; text-align: left;\">\u041b\u0430 <strong>\u043d\u0430\u043b\u043e\u0433\u043e\u043e\u0431\u043b\u043e\u0436\u0435\u043d\u0438\u0435 \u043a\u0440\u0438\u043f\u0442\u043e\u0432\u0430\u043b\u044e\u0442 \u0432 \u0428\u0432\u0435\u0439\u0446\u0430\u0440\u0438\u0438<\/strong> \u044d\u0442\u043e \u0441\u043b\u043e\u0436\u043d\u0430\u044f \u0438 \u043f\u043e\u0441\u0442\u043e\u044f\u043d\u043d\u043e \u0440\u0430\u0437\u0432\u0438\u0432\u0430\u044e\u0449\u0430\u044f\u0441\u044f \u043e\u0431\u043b\u0430\u0441\u0442\u044c. \u041d\u0430\u0448\u0430 \u0444\u0438\u0440\u043c\u0430 \u043f\u0440\u0435\u0434\u043b\u0430\u0433\u0430\u0435\u0442 \u0441\u043f\u0435\u0446\u0438\u0430\u043b\u0438\u0437\u0438\u0440\u043e\u0432\u0430\u043d\u043d\u044b\u0439 \u043e\u043f\u044b\u0442 \u0434\u043b\u044f \u043e\u0431\u0435\u0441\u043f\u0435\u0447\u0435\u043d\u0438\u044f \u0441\u043e\u043e\u0442\u0432\u0435\u0442\u0441\u0442\u0432\u0438\u044f \u0432\u0430\u0448\u0438\u0445 \u0434\u0435\u043a\u043b\u0430\u0440\u0430\u0446\u0438\u0439 \u0438 \u043e\u043f\u0442\u0438\u043c\u0438\u0437\u0430\u0446\u0438\u0438 \u0443\u043f\u0440\u0430\u0432\u043b\u0435\u043d\u0438\u044f \u0432\u0430\u0448\u0438\u043c\u0438 \u0446\u0438\u0444\u0440\u043e\u0432\u044b\u043c\u0438 \u0430\u043a\u0442\u0438\u0432\u0430\u043c\u0438, \u043d\u0435\u0437\u0430\u0432\u0438\u0441\u0438\u043c\u043e \u043e\u0442 \u0442\u043e\u0433\u043e, \u043d\u0430\u0445\u043e\u0434\u044f\u0442\u0441\u044f \u043b\u0438 \u043e\u043d\u0438 \u0432 \u0447\u0430\u0441\u0442\u043d\u043e\u0439 \u0438\u043b\u0438 \u043f\u0440\u043e\u0444\u0435\u0441\u0441\u0438\u043e\u043d\u0430\u043b\u044c\u043d\u043e\u0439 \u0441\u043e\u0431\u0441\u0442\u0432\u0435\u043d\u043d\u043e\u0441\u0442\u0438.<\/p><h2 style=\"font-family: -apple-system, BlinkMacSystemFont, 'Segoe UI', Roboto, Helvetica, Arial, sans-serif; font-size: 28px; color: #1e3a56; font-weight: 500; margin-top: 80px; margin-bottom: 40px; border-bottom: 1px solid #E0E0E0; padding-bottom: 15px; text-align: center;\">\u043d\u0430\u0448\u0438 \u043a\u0440\u0438\u043f\u0442\u043e\u0443\u0441\u043b\u0443\u0433\u0438 \u0432 \u0434\u0435\u0442\u0430\u043b\u044f\u0445<\/h2><h3 style=\"font-family: -apple-system, BlinkMacSystemFont, 'Segoe UI', Roboto, Helvetica, Arial, sans-serif; font-size: 18px; color: #1e3a56; font-weight: 500; text-transform: uppercase; letter-spacing: 1px; margin-top: 40px; margin-bottom: 10px; text-align: center;\">\u0412\u0435\u0434\u0435\u043d\u0438\u0435 \u0431\u0443\u0445\u0433\u0430\u043b\u0442\u0435\u0440\u0441\u043a\u043e\u0433\u043e \u0443\u0447\u0435\u0442\u0430 \u043f\u043e \u043e\u043f\u0435\u0440\u0430\u0446\u0438\u044f\u043c<\/h3><p style=\"font-family: -apple-system, BlinkMacSystemFont, 'Segoe UI', Roboto, Helvetica, Arial, sans-serif; font-size: 16px; color: #555; line-height: 1.8em; margin-bottom: 40px; text-align: left;\">\u041c\u044b \u043e\u0431\u0435\u0441\u043f\u0435\u0447\u0438\u0432\u0430\u0435\u043c \u0441\u0442\u0440\u043e\u0433\u0438\u0439 \u0443\u0447\u0435\u0442 \u0432\u0441\u0435\u0445 \u0432\u0430\u0448\u0438\u0445 \u0442\u0440\u0430\u043d\u0437\u0430\u043a\u0446\u0438\u0439 \u0441 \u043a\u0440\u0438\u043f\u0442\u043e\u0432\u0430\u043b\u044e\u0442\u0430\u043c\u0438, \u0432\u043a\u043b\u044e\u0447\u0430\u044f \u043f\u043e\u043a\u0443\u043f\u043a\u0438, \u043f\u0440\u043e\u0434\u0430\u0436\u0438, \u043e\u0431\u043c\u0435\u043d \u0438 \u0434\u043e\u0445\u043e\u0434\u044b \u043e\u0442 \u0441\u0442\u0435\u0439\u043a\u0438\u043d\u0433\u0430 \u0438\u043b\u0438 \u043c\u0430\u0439\u043d\u0438\u043d\u0433\u0430.<\/p><h3 style=\"font-family: -apple-system, BlinkMacSystemFont, 'Segoe UI', Roboto, Helvetica, Arial, sans-serif; font-size: 18px; color: #1e3a56; font-weight: 500; text-transform: uppercase; letter-spacing: 1px; margin-top: 40px; margin-bottom: 10px; text-align: center;\">\u041d\u0430\u043b\u043e\u0433\u043e\u0432\u044b\u0435 \u0434\u0435\u043a\u043b\u0430\u0440\u0430\u0446\u0438\u0438 \u043e \u0434\u043e\u0445\u043e\u0434\u0430\u0445 \u0438 \u043f\u0440\u0438\u0431\u044b\u043b\u044f\u0445<\/h3><p style=\"font-family: -apple-system, BlinkMacSystemFont, 'Segoe UI', Roboto, Helvetica, Arial, sans-serif; font-size: 16px; color: #555; line-height: 1.8em; margin-bottom: 60px; text-align: left;\">\u041d\u0430\u0448 \u0441\u0435\u0440\u0432\u0438\u0441 \u0432\u043a\u043b\u044e\u0447\u0430\u0435\u0442 \u0432 \u0441\u0435\u0431\u044f \u043f\u043e\u0434\u0433\u043e\u0442\u043e\u0432\u043a\u0443 \u0432\u0430\u0448\u0435\u0439 \u043d\u0430\u043b\u043e\u0433\u043e\u0432\u043e\u0439 \u0434\u0435\u043a\u043b\u0430\u0440\u0430\u0446\u0438\u0438 \u043f\u043e \u0432\u0441\u0435\u043c \u0434\u043e\u0445\u043e\u0434\u0430\u043c \u0438 \u0434\u043e\u0445\u043e\u0434\u0430\u043c, \u043f\u043e\u043b\u0443\u0447\u0435\u043d\u043d\u044b\u043c \u043e\u0442 \u0446\u0438\u0444\u0440\u043e\u0432\u044b\u0445 \u0430\u043a\u0442\u0438\u0432\u043e\u0432, \u0447\u0442\u043e \u0433\u0430\u0440\u0430\u043d\u0442\u0438\u0440\u0443\u0435\u0442 \u043f\u043e\u043b\u043d\u043e\u0435 \u0441\u043e\u043e\u0442\u0432\u0435\u0442\u0441\u0442\u0432\u0438\u0435 \u043d\u0430\u043b\u043e\u0433\u043e\u0432\u044b\u043c \u043d\u043e\u0440\u043c\u0430\u043c \u0432 \u0412\u0430\u043b\u0435 \u0438 \u043d\u0430 \u0432\u0441\u0435\u0439 \u0442\u0435\u0440\u0440\u0438\u0442\u043e\u0440\u0438\u0438 \u0428\u0432\u0435\u0439\u0446\u0430\u0440\u0438\u0438.<\/p><\/div>\t\t\t\t\t\t\t\t<\/div>\n\t\t\t\t<\/div>\n\t\t\t\t<div class=\"elementor-element elementor-element-dd25c86 elementor-widget elementor-widget-image\" data-id=\"dd25c86\" data-element_type=\"widget\" data-widget_type=\"image.default\">\n\t\t\t\t<div class=\"elementor-widget-container\">\n\t\t\t\t\t\t\t\t\t\t\t\t\t\t\t<img fetchpriority=\"high\" decoding=\"async\" width=\"800\" height=\"800\" src=\"https:\/\/odmfiduciaire.ch\/wp-content\/uploads\/2025\/08\/Expertise-en-fiscalite-des-cryptomonnaies-en-Suisse.webp\" class=\"attachment-large size-large wp-image-1261\" alt=\"Expertise en fiscalit\u00e9 des cryptomonnaies en Suisse\" srcset=\"https:\/\/odmfiduciaire.ch\/wp-content\/uploads\/2025\/08\/Expertise-en-fiscalite-des-cryptomonnaies-en-Suisse.webp 1024w, https:\/\/odmfiduciaire.ch\/wp-content\/uploads\/2025\/08\/Expertise-en-fiscalite-des-cryptomonnaies-en-Suisse-300x300.webp 300w, https:\/\/odmfiduciaire.ch\/wp-content\/uploads\/2025\/08\/Expertise-en-fiscalite-des-cryptomonnaies-en-Suisse-150x150.webp 150w, https:\/\/odmfiduciaire.ch\/wp-content\/uploads\/2025\/08\/Expertise-en-fiscalite-des-cryptomonnaies-en-Suisse-768x768.webp 768w\" sizes=\"(max-width: 800px) 100vw, 800px\" \/>\t\t\t\t\t\t\t\t\t\t\t\t\t\t\t<\/div>\n\t\t\t\t<\/div>\n\t\t\t\t\t<\/div>\n\t\t\t\t<\/div>\n\t\t<div class=\"elementor-element elementor-element-4de6cf6c animated-slow e-flex e-con-boxed elementor-invisible e-con e-parent\" data-id=\"4de6cf6c\" data-element_type=\"container\" data-settings=\"{&quot;animation&quot;:&quot;fadeIn&quot;,&quot;animation_delay&quot;:500}\">\n\t\t\t\t\t<div class=\"e-con-inner\">\n\t\t<div class=\"elementor-element elementor-element-17bab78a e-con-full e-flex e-con e-child\" data-id=\"17bab78a\" data-element_type=\"container\">\n\t\t\t\t<div class=\"elementor-element elementor-element-69679f16 elementor-button-align-start elementor-widget elementor-widget-form\" data-id=\"69679f16\" data-element_type=\"widget\" data-settings=\"{&quot;step_next_label&quot;:&quot;Next&quot;,&quot;step_previous_label&quot;:&quot;Previous&quot;,&quot;button_width&quot;:&quot;100&quot;,&quot;step_type&quot;:&quot;number_text&quot;,&quot;step_icon_shape&quot;:&quot;circle&quot;}\" data-widget_type=\"form.default\">\n\t\t\t\t<div class=\"elementor-widget-container\">\n\t\t\t\t\t\t\t<form class=\"elementor-form\" method=\"post\" name=\"New Form\" aria-label=\"New Form\" action=\"\">\n\t\t\t<input type=\"hidden\" name=\"post_id\" value=\"1258\"\/>\n\t\t\t<input type=\"hidden\" name=\"form_id\" value=\"69679f16\"\/>\n\t\t\t<input type=\"hidden\" name=\"referer_title\" value=\"Fiscalit\u00e9 des cryptomonnaies en Suisse | Expert PME &amp; Priv\u00e9s\" \/>\n\n\t\t\t\t\t\t\t<input type=\"hidden\" name=\"queried_id\" value=\"1258\"\/>\n\t\t\t\n\t\t\t<div class=\"elementor-form-fields-wrapper elementor-labels-\">\n\t\t\t\t\t\t\t\t<div class=\"elementor-field-type-text elementor-field-group elementor-column elementor-field-group-name elementor-col-100 elementor-field-required\">\n\t\t\t\t\t\t\t\t\t\t\t\t<label for=\"form-field-name\" class=\"elementor-field-label elementor-screen-only\">\n\t\t\t\t\t\t\t\tName\t\t\t\t\t\t\t<\/label>\n\t\t\t\t\t\t\t\t\t\t\t\t\t\t<input size=\"1\" type=\"text\" name=\"form_fields[name]\" id=\"form-field-name\" class=\"elementor-field elementor-size-lg  elementor-field-textual\" placeholder=\"\u0412\u0430\u0448\u0435 \u0438\u043c\u044f*\" required=\"required\">\n\t\t\t\t\t\t\t\t\t\t\t<\/div>\n\t\t\t\t\t\t\t\t<div class=\"elementor-field-type-text\">\n\t\t\t\t\t<input size=\"1\" type=\"text\" name=\"form_fields[field_ddbead5]\" id=\"form-field-field_ddbead5\" class=\"elementor-field elementor-size-lg\" style=\"display:none !important;\">\t\t\t\t<\/div>\n\t\t\t\t\t\t\t\t<div class=\"elementor-field-type-text elementor-field-group elementor-column elementor-field-group-field_f6b0cf4 elementor-col-100 elementor-field-required\">\n\t\t\t\t\t\t\t\t\t\t\t\t<label for=\"form-field-field_f6b0cf4\" class=\"elementor-field-label elementor-screen-only\">\n\t\t\t\t\t\t\t\t\u041a\u043e\u043c\u043f\u0430\u043d\u0438\u044f\t\t\t\t\t\t\t<\/label>\n\t\t\t\t\t\t\t\t\t\t\t\t\t\t<input size=\"1\" type=\"text\" name=\"form_fields[field_f6b0cf4]\" id=\"form-field-field_f6b0cf4\" class=\"elementor-field elementor-size-lg  elementor-field-textual\" placeholder=\"\u041a\u043e\u043c\u043f\u0430\u043d\u0438\u044f*\" required=\"required\">\n\t\t\t\t\t\t\t\t\t\t\t<\/div>\n\t\t\t\t\t\t\t\t<div class=\"elementor-field-type-text elementor-field-group elementor-column elementor-field-group-field_ed1e47e elementor-col-100 elementor-field-required\">\n\t\t\t\t\t\t\t\t\t\t\t\t<label for=\"form-field-field_ed1e47e\" class=\"elementor-field-label elementor-screen-only\">\n\t\t\t\t\t\t\t\t\u0410\u0434\u0440\u0435\u0441\t\t\t\t\t\t\t<\/label>\n\t\t\t\t\t\t\t\t\t\t\t\t\t\t<input size=\"1\" type=\"text\" name=\"form_fields[field_ed1e47e]\" id=\"form-field-field_ed1e47e\" class=\"elementor-field elementor-size-lg  elementor-field-textual\" placeholder=\"\u0410\u0434\u0440\u0435\u0441*\" required=\"required\">\n\t\t\t\t\t\t\t\t\t\t\t<\/div>\n\t\t\t\t\t\t\t\t<div class=\"elementor-field-type-text elementor-field-group elementor-column elementor-field-group-email elementor-col-100 elementor-field-required\">\n\t\t\t\t\t\t\t\t\t\t\t\t<label for=\"form-field-email\" class=\"elementor-field-label elementor-screen-only\">\n\t\t\t\t\t\t\t\t\u0413\u043e\u0440\u043e\u0434*\t\t\t\t\t\t\t<\/label>\n\t\t\t\t\t\t\t\t\t\t\t\t\t\t<input size=\"1\" type=\"text\" name=\"form_fields[email]\" id=\"form-field-email\" class=\"elementor-field elementor-size-lg  elementor-field-textual\" placeholder=\"\u0413\u043e\u0440\u043e\u0434*\" required=\"required\">\n\t\t\t\t\t\t\t\t\t\t\t<\/div>\n\t\t\t\t\t\t\t\t<div class=\"elementor-field-type-email elementor-field-group elementor-column elementor-field-group-field_17c27a1 elementor-col-100 elementor-field-required\">\n\t\t\t\t\t\t\t\t\t\t\t\t<label for=\"form-field-field_17c27a1\" class=\"elementor-field-label elementor-screen-only\">\n\t\t\t\t\t\t\t\t\u042d\u043b\u0435\u043a\u0442\u0440\u043e\u043d\u043d\u0430\u044f \u043f\u043e\u0447\u0442\u0430\t\t\t\t\t\t\t<\/label>\n\t\t\t\t\t\t\t\t\t\t\t\t\t\t<input size=\"1\" type=\"email\" name=\"form_fields[field_17c27a1]\" id=\"form-field-field_17c27a1\" class=\"elementor-field elementor-size-lg  elementor-field-textual\" placeholder=\"\u0412\u0430\u0448 \u0430\u0434\u0440\u0435\u0441 \u044d\u043b\u0435\u043a\u0442\u0440\u043e\u043d\u043d\u043e\u0439 \u043f\u043e\u0447\u0442\u044b*\" required=\"required\">\n\t\t\t\t\t\t\t\t\t\t\t<\/div>\n\t\t\t\t\t\t\t\t<div class=\"elementor-field-type-tel elementor-field-group elementor-column elementor-field-group-field_e90c503 elementor-col-100 elementor-field-required\">\n\t\t\t\t\t\t\t\t\t\t\t\t<label for=\"form-field-field_e90c503\" class=\"elementor-field-label elementor-screen-only\">\n\t\t\t\t\t\t\t\t\u041f\u043e\u0437\u0432\u043e\u043d\u0438\t\t\t\t\t\t\t<\/label>\n\t\t\t\t\t\t\t\t<input size=\"1\" type=\"tel\" name=\"form_fields[field_e90c503]\" id=\"form-field-field_e90c503\" class=\"elementor-field elementor-size-lg  elementor-field-textual\" placeholder=\" \u041f\u043e\u0437\u0432\u043e\u043d\u0438*\" required=\"required\" pattern=\"[0-9()#&amp;+*-=.]+\" title=\"Only numbers and phone characters (#, -, *, etc) are accepted.\">\n\n\t\t\t\t\t\t<\/div>\n\t\t\t\t\t\t\t\t<div class=\"elementor-field-type-text\">\n\t\t\t\t\t<input size=\"1\" type=\"text\" name=\"form_fields[field_6fac31c]\" id=\"form-field-field_6fac31c\" class=\"elementor-field elementor-size-lg\" style=\"display:none !important;\">\t\t\t\t<\/div>\n\t\t\t\t\t\t\t\t<div class=\"elementor-field-type-textarea elementor-field-group elementor-column elementor-field-group-message elementor-col-100\">\n\t\t\t\t\t\t\t\t\t\t\t\t<label for=\"form-field-message\" class=\"elementor-field-label elementor-screen-only\">\n\t\t\t\t\t\t\t\t\u0421\u043e\u043e\u0431\u0449\u0435\u043d\u0438\u0435\t\t\t\t\t\t\t<\/label>\n\t\t\t\t\t\t<textarea class=\"elementor-field-textual elementor-field  elementor-size-lg\" name=\"form_fields[message]\" id=\"form-field-message\" rows=\"8\" placeholder=\"\u0412\u0430\u0448\u0435 \u0441\u043e\u043e\u0431\u0449\u0435\u043d\u0438\u0435*\"><\/textarea>\t\t\t\t<\/div>\n\t\t\t\t\t\t\t\t<div class=\"elementor-field-type-recaptcha_v3 elementor-field-group elementor-column elementor-field-group-field_db307c5 elementor-col-100 recaptcha_v3-inline\">\n\t\t\t\t\t<div class=\"elementor-field\" id=\"form-field-field_db307c5\"><div class=\"elementor-g-recaptcha\" data-sitekey=\"6LfOeXorAAAAAO5zxMkwbAW6B-8w-aIw7W5xccmJ\" data-type=\"v3\" data-action=\"Form\" data-badge=\"inline\" data-size=\"invisible\"><\/div><\/div>\t\t\t\t<\/div>\n\t\t\t\t\t\t\t\t<div class=\"elementor-field-group elementor-column elementor-field-type-submit elementor-col-100 e-form__buttons\">\n\t\t\t\t\t<button class=\"elementor-button elementor-size-sm\" type=\"submit\">\n\t\t\t\t\t\t<span class=\"elementor-button-content-wrapper\">\n\t\t\t\t\t\t\t\t\t\t\t\t\t\t\t\t\t\t\t\t\t\t<span class=\"elementor-button-text\">\u041e\u0422\u041f\u0420\u0410\u0412\u0418\u0422\u042c<\/span>\n\t\t\t\t\t\t\t\t\t\t\t\t\t<\/span>\n\t\t\t\t\t<\/button>\n\t\t\t\t<\/div>\n\t\t\t<\/div>\n\t\t<input type=\"hidden\" name=\"trp-form-language\" value=\"ru\"\/><\/form>\n\t\t\t\t\t\t<\/div>\n\t\t\t\t<\/div>\n\t\t\t\t<\/div>\n\t\t\t\t\t<\/div>\n\t\t\t\t<\/div>\n\t\t\t\t<\/div>","protected":false},"excerpt":{"rendered":"<p>Comptabilit\u00e9 et Fiscalit\u00e9 des Cryptomonnaies en Suisse Une expertise pointue pour la gestion de vos actifs num\u00e9riques. La fiscalit\u00e9 des cryptomonnaies en Suisse est un domaine complexe et en constante \u00e9volution. Notre cabinet offre une expertise sp\u00e9cialis\u00e9e pour assurer la conformit\u00e9 de vos d\u00e9clarations et optimiser la gestion de vos actifs num\u00e9riques, qu&rsquo;ils soient d\u00e9tenus [&hellip;]<\/p>","protected":false},"author":1,"featured_media":0,"parent":0,"menu_order":0,"comment_status":"closed","ping_status":"closed","template":"","meta":{"footnotes":""},"class_list":["post-1258","page","type-page","status-publish","hentry"],"rankMath":{"parentDomain":"odmfiduciaire.ch","noFollowDomains":[],"noFollowExcludeDomains":[],"noFollowExternalLinks":false,"featuredImageNotice":"\u041f\u043e\u043a\u0430\u0437\u0430\u043d\u043d\u043e\u0435 \u0438\u0437\u043e\u0431\u0440\u0430\u0436\u0435\u043d\u0438\u0435 \u0434\u043e\u043b\u0436\u043d\u043e \u0431\u044b\u0442\u044c \u0440\u0430\u0437\u043c\u0435\u0440\u043e\u043c \u043d\u0435 \u043c\u0435\u043d\u0435\u0435 200 \u043d\u0430 200 \u043f\u0438\u043a\u0441\u0435\u043b\u0435\u0439, \u0447\u0442\u043e\u0431\u044b \u0435\u0433\u043e \u043c\u043e\u0433\u043b\u0438 \u0443\u0432\u0438\u0434\u0435\u0442\u044c Facebook \u0438 \u0434\u0440\u0443\u0433\u0438\u0435 \u0441\u0430\u0439\u0442\u044b \u0441\u043e\u0446\u0438\u0430\u043b\u044c\u043d\u044b\u0445 \u0441\u0435\u0442\u0435\u0439.","pluginReviewed":true,"postSettings":{"linkSuggestions":true,"useFocusKeyword":false},"frontEndScore":false,"postName":"fiscalite-crypto","permalinkFormat":"https:\/\/odmfiduciaire.ch\/ru\/%pagename%\/","showLockModifiedDate":true,"assessor":{"focusKeywordLink":"https:\/\/odmfiduciaire.ch\/wp-admin\/edit.php?focus_keyword=%focus_keyword%&post_type=%post_type%","hasTOCPlugin":true,"primaryTaxonomy":false,"serpData":{"title":"Fiscalit\u00e9 des cryptomonnaies en Suisse | Expert PME & Priv\u00e9s","description":"Notre expertise en fiscalit\u00e9 des cryptomonnaies en Suisse aide les PME et priv\u00e9s. Nous g\u00e9rons d\u00e9clarations d'imp\u00f4ts et comptabilit\u00e9 des transactions.","focusKeywords":"fiscalit\u00e9 des cryptomonnaies en Suisse","pillarContent":false,"canonicalUrl":"","breadcrumbTitle":"","advancedRobots":{"max-snippet":"-1","max-video-preview":"-1","max-image-preview":"large"},"facebookTitle":"","facebookDescription":"","facebookImage":"","facebookImageID":"","facebookHasOverlay":false,"facebookImageOverlay":"","facebookAuthor":"","twitterCardType":"","twitterUseFacebook":true,"twitterTitle":"","twitterDescription":"","twitterImage":"","twitterImageID":"","twitterHasOverlay":false,"twitterImageOverlay":"","twitterPlayerUrl":"","twitterPlayerSize":"","twitterPlayerStream":"","twitterPlayerStreamCtype":"","twitterAppDescription":"","twitterAppIphoneName":"","twitterAppIphoneID":"","twitterAppIphoneUrl":"","twitterAppIpadName":"","twitterAppIpadID":"","twitterAppIpadUrl":"","twitterAppGoogleplayName":"","twitterAppGoogleplayID":"","twitterAppGoogleplayUrl":"","twitterAppCountry":"","robots":{"index":true},"twitterAuthor":"\u0438\u043c\u044f \u043f\u043e\u043b\u044c\u0437\u043e\u0432\u0430\u0442\u0435\u043b\u044f","primaryTerm":0,"authorName":"Frolov","titleTemplate":"%title% %sep% %sitename%","descriptionTemplate":"%excerpt%","showScoreFrontend":true,"lockModifiedDate":false},"powerWords":[],"diacritics":{"A":"[\\u0410\\u0430]","B":"[\\u0411\\u0431]","V":"[\\u0412\\u0432]","G":"[\\u0413\\u0433]","D":"[\\u0414\\u0434]","YE":"[\\u0415\\u0435]","YO":"[\\u0401\\u0451]","ZH":"[\\u0416\\u0436]","Z":"[\\u0417\\u0437]","EE":"[\\u0418\\u0438]","YI":"[\\u0419\\u0439]","K":"[\\u041A\\u043A]","L":"[\\u041B\\u043B]","M":"[\\u041C\\u043c]","P":"[\\u041F\\u043F]","T":"[\\u0422\\u0442]","U":"[\\u0423\\u0443]","F":"[\\u0424\\u0444]","H":"[\\u0425\\u0445]","TS":"[\\u0426\\u0446]","CH":"[\\u0427\\u0447]","SH":"[\\u0428\\u0448\\u0429\\u0449]","I":"[\\u042B\\u044B]","E":"[\\u042D\\u044D]","YU":"[\\u042E\\u044E]","YA":"[\\u042F\\u044F]","N":"[\\u041D\\u043D]"},"researchesTests":["contentHasTOC","contentHasShortParagraphs","contentHasAssets","keywordInTitle","keywordInMetaDescription","keywordInPermalink","keywordIn10Percent","keywordInContent","keywordInSubheadings","keywordInImageAlt","keywordDensity","keywordNotUsed","lengthContent","lengthPermalink","linksHasInternal","linksHasExternals","linksNotAllExternals","titleStartWithKeyword","titleSentiment","titleHasPowerWords","titleHasNumber","hasContentAI"],"hasRedirection":true,"hasBreadcrumb":true},"homeUrl":"https:\/\/odmfiduciaire.ch\/ru","objectID":1258,"objectType":"post","locale":"ru","localeFull":"ru_RU","overlayImages":{"play":{"name":"Play \u0438\u043a\u043e\u043d\u043a\u0430","url":"https:\/\/odmfiduciaire.ch\/wp-content\/plugins\/seo-by-rank-math\/assets\/admin\/img\/icon-play.png","path":"\/home\/u738773271\/domains\/odmfiduciaire.ch\/public_html\/wp-content\/plugins\/seo-by-rank-math\/assets\/admin\/img\/icon-play.png","position":"middle_center"},"gif":{"name":"GIF \u0438\u043a\u043e\u043d\u043a\u0430","url":"https:\/\/odmfiduciaire.ch\/wp-content\/plugins\/seo-by-rank-math\/assets\/admin\/img\/icon-gif.png","path":"\/home\/u738773271\/domains\/odmfiduciaire.ch\/public_html\/wp-content\/plugins\/seo-by-rank-math\/assets\/admin\/img\/icon-gif.png","position":"middle_center"}},"defautOgImage":"https:\/\/odmfiduciaire.ch\/wp-content\/plugins\/seo-by-rank-math\/assets\/admin\/img\/social-placeholder.jpg","customPermalinks":true,"isUserRegistered":true,"autoSuggestKeywords":true,"connectSiteUrl":"https:\/\/rankmath.com\/auth?site=https%3A%2F%2Fodmfiduciaire.ch%2Fru&r=https%3A%2F%2Fodmfiduciaire.ch%2Fru%2Fwp-json%2Fwp%2Fv2%2Fpages%2F1258%3Fnonce%3D71bcbb4cb1&pro=1","maxTags":100,"trendsIcon":"<svg viewBox=\"0 0 610 610\"><path d=\"M18.85,446,174.32,290.48l58.08,58.08L76.93,504a14.54,14.54,0,0,1-20.55,0L18.83,466.48a14.54,14.54,0,0,1,0-20.55Z\" style=\"fill:#4285f4\"\/><path d=\"M242.65,242.66,377.59,377.6l-47.75,47.75a14.54,14.54,0,0,1-20.55,0L174.37,290.43l47.75-47.75A14.52,14.52,0,0,1,242.65,242.66Z\" style=\"fill:#ea4335\"\/><polygon points=\"319.53 319.53 479.26 159.8 537.34 217.88 377.61 377.62 319.53 319.53\" style=\"fill:#fabb05\"\/><path d=\"M594.26,262.73V118.61h0a16.94,16.94,0,0,0-16.94-16.94H433.2a16.94,16.94,0,0,0-12,28.92L565.34,274.71h0a16.94,16.94,0,0,0,28.92-12Z\" style=\"fill:#34a853\"\/><rect width=\"610\" height=\"610\" style=\"fill:none\"\/><\/svg>","showScore":true,"siteFavIcon":"https:\/\/odmfiduciaire.ch\/wp-content\/uploads\/2025\/03\/cropped-9_52AM.png-32x32.jpeg","canUser":{"general":false,"advanced":false,"snippet":false,"social":false,"analysis":false,"analytics":false,"content_ai":false},"showKeywordIntent":true,"isPro":true,"is_front_page":false,"trendsUpgradeLink":"https:\/\/rankmath.com\/pricing\/?utm_source=Plugin&utm_medium=CE%20General%20Tab%20Trends&utm_campaign=WP","trendsUpgradeLabel":"\u0410\u043f\u0433\u0440\u0435\u0439\u0434","trendsPreviewImage":"https:\/\/odmfiduciaire.ch\/wp-content\/plugins\/seo-by-rank-math\/assets\/admin\/img\/trends-preview.jpg","currentEditor":false,"homepageData":{"assessor":{"powerWords":[],"diacritics":true,"researchesTests":["contentHasTOC","contentHasShortParagraphs","contentHasAssets","keywordInTitle","keywordInMetaDescription","keywordInPermalink","keywordIn10Percent","keywordInContent","keywordInSubheadings","keywordInImageAlt","keywordDensity","keywordNotUsed","lengthContent","lengthPermalink","linksHasInternal","linksHasExternals","linksNotAllExternals","titleStartWithKeyword","titleSentiment","titleHasPowerWords","titleHasNumber","hasContentAI"],"hasBreadcrumb":true,"serpData":{"title":"%sitename% %page% %sep% %sitedesc%","description":"","titleTemplate":"%sitename% %page% %sep% %sitedesc%","descriptionTemplate":"","focusKeywords":"","breadcrumbTitle":"\u0413\u043b\u0430\u0432\u043d\u0430\u044f","robots":{"index":true},"advancedRobots":{"max-snippet":"-1","max-video-preview":"-1","max-image-preview":"large"},"facebookTitle":"","facebookDescription":"","facebookImage":"","facebookImageID":""}}},"searchIntents":[],"isAnalyticsConnected":false,"tocTitle":"\u041e\u0433\u043b\u0430\u0432\u043b\u0435\u043d\u0438\u0435","tocExcludeHeadings":[],"listStyle":"ul"},"_links":{"self":[{"href":"https:\/\/odmfiduciaire.ch\/ru\/wp-json\/wp\/v2\/pages\/1258","targetHints":{"allow":["GET"]}}],"collection":[{"href":"https:\/\/odmfiduciaire.ch\/ru\/wp-json\/wp\/v2\/pages"}],"about":[{"href":"https:\/\/odmfiduciaire.ch\/ru\/wp-json\/wp\/v2\/types\/page"}],"author":[{"embeddable":true,"href":"https:\/\/odmfiduciaire.ch\/ru\/wp-json\/wp\/v2\/users\/1"}],"replies":[{"embeddable":true,"href":"https:\/\/odmfiduciaire.ch\/ru\/wp-json\/wp\/v2\/comments?post=1258"}],"version-history":[{"count":44,"href":"https:\/\/odmfiduciaire.ch\/ru\/wp-json\/wp\/v2\/pages\/1258\/revisions"}],"predecessor-version":[{"id":1490,"href":"https:\/\/odmfiduciaire.ch\/ru\/wp-json\/wp\/v2\/pages\/1258\/revisions\/1490"}],"wp:attachment":[{"href":"https:\/\/odmfiduciaire.ch\/ru\/wp-json\/wp\/v2\/media?parent=1258"}],"curies":[{"name":"wp","href":"https:\/\/api.w.org\/{rel}","templated":true}]}}